{"id":160,"date":"2026-02-11T10:02:40","date_gmt":"2026-02-11T10:02:40","guid":{"rendered":"https:\/\/laurentbarbin.com\/?page_id=160"},"modified":"2026-03-11T16:39:31","modified_gmt":"2026-03-11T16:39:31","slug":"biographie","status":"publish","type":"page","link":"http:\/\/laurentbarbin.com\/index.php\/biographie\/","title":{"rendered":"Biographie"},"content":{"rendered":"\n<div class=\"wp-block-media-text is-stacked-on-mobile is-vertically-aligned-top\"><figure class=\"wp-block-media-text__media\"><img loading=\"lazy\" decoding=\"async\" width=\"1022\" height=\"1024\" src=\"http:\/\/laurentbarbin.com\/wp-content\/uploads\/2026\/02\/IMG_0006-1022x1024.jpg\" alt=\"St\u00e9nop\u00e9 autoportrait au Velenjak - Angers 2025\" class=\"wp-image-84 size-full\" srcset=\"http:\/\/laurentbarbin.com\/wp-content\/uploads\/2026\/02\/IMG_0006-1022x1024.jpg 1022w, http:\/\/laurentbarbin.com\/wp-content\/uploads\/2026\/02\/IMG_0006-300x300.jpg 300w, http:\/\/laurentbarbin.com\/wp-content\/uploads\/2026\/02\/IMG_0006-150x150.jpg 150w, http:\/\/laurentbarbin.com\/wp-content\/uploads\/2026\/02\/IMG_0006-768x770.jpg 768w, http:\/\/laurentbarbin.com\/wp-content\/uploads\/2026\/02\/IMG_0006-1533x1536.jpg 1533w, http:\/\/laurentbarbin.com\/wp-content\/uploads\/2026\/02\/IMG_0006.jpg 1916w\" sizes=\"auto, (max-width: 1022px) 100vw, 1022px\" \/><\/figure><div class=\"wp-block-media-text__content\">\n<p class=\"has-x-large-font-size\"><strong>Laurent Barbin <\/strong><\/p>\n\n\n\n<p class=\"has-medium-font-size\">vit et travaille \u00e0 Angers<\/p>\n\n\n\n<p class=\"is-style-text-display has-small-font-size is-style-text-display--1\">Dipl\u00f4m\u00e9 des Beaux-Arts de Nantes en 1998, il pratique la photographie depuis 40 ans.<\/p>\n\n\n\n<p class=\"has-small-font-size\">En 1999, il a remis\u00e9 son mat\u00e9riel argentique.<\/p>\n\n\n\n<p class=\"has-small-font-size\">Fin 2024, son beau-p\u00e8re exhume du grenier trois bacs de d\u00e9veloppement photographique : il les lui donne. La tentation est brutale de r\u00e9v\u00e9ler \u00e0 nouveau des images par la chimie, dans l\u2019atmosph\u00e8re sombre-rouge-bordel de la lumi\u00e8re inactinique.<\/p>\n\n\n\n<p class=\"has-small-font-size\">No\u00ebl 2024, Ilford (la marque avec laquelle il a d\u00e9couvert le laboratoire photo du Lyc\u00e9e), propose encore \u00e0 la vente les bo\u00eetes de papier sensible, les bidons de r\u00e9v\u00e9lateur, de fixateur. C\u2019est cadeau.<\/p>\n\n\n\n<p class=\"has-small-font-size\">En janvier 2025, il entre dans une boutique de chaussures qui lui c\u00e8de une bo\u00eete en carton. Une aiguille perce un trou dans le couvercle de la bo\u00eete \u00e0 chaussures.&nbsp;<\/p>\n\n\n\n<p class=\"has-small-font-size\">Son \u201cPoint de vue du gras\u201d (premi\u00e8re photographie fix\u00e9e au monde, par Nic\u00e9phore Ni\u00e9pce en 1826 ou 27) s\u2019accomplit en 20 secondes d\u2019exposition depuis son balcon du boulevard Foch. La salle de bain de l\u2019appartement : les bacs, rouge pour le r\u00e9v\u00e9lateur, blanc pour le bain d\u2019arr\u00eat, vert pour le fixateur. Une lampe rouge change instantan\u00e9ment la fonction du lieu et la premi\u00e8re image monte.<\/p>\n\n\n\n<p class=\"has-small-font-size\">Depuis, il travaille \u00e0 simplifier le protocole, \u00e0 faire le trou plus \u00e9troit, la boite moins tremblante, le temps toujours plus \u00e9pais sur les images.&nbsp;<\/p>\n\n\n\n<p><\/p>\n<\/div><\/div>\n\n\n\n<p><\/p>\n","protected":false},"excerpt":{"rendered":"<p>Laurent Barbin vit et travaille \u00e0 Angers Dipl\u00f4m\u00e9 des Beaux-Arts de Nantes en 1998, il pratique la photographie depuis 40 ans. En 1999, il a remis\u00e9 son mat\u00e9riel argentique. Fin 2024, son beau-p\u00e8re exhume du grenier trois bacs de d\u00e9veloppement photographique : il les lui donne. La tentation est brutale de r\u00e9v\u00e9ler \u00e0 nouveau des [&hellip;]<\/p>\n","protected":false},"author":1,"featured_media":0,"parent":0,"menu_order":0,"comment_status":"closed","ping_status":"closed","template":"","meta":{"footnotes":""},"class_list":["post-160","page","type-page","status-publish","hentry"],"_links":{"self":[{"href":"http:\/\/laurentbarbin.com\/index.php\/wp-json\/wp\/v2\/pages\/160","targetHints":{"allow":["GET"]}}],"collection":[{"href":"http:\/\/laurentbarbin.com\/index.php\/wp-json\/wp\/v2\/pages"}],"about":[{"href":"http:\/\/laurentbarbin.com\/index.php\/wp-json\/wp\/v2\/types\/page"}],"author":[{"embeddable":true,"href":"http:\/\/laurentbarbin.com\/index.php\/wp-json\/wp\/v2\/users\/1"}],"replies":[{"embeddable":true,"href":"http:\/\/laurentbarbin.com\/index.php\/wp-json\/wp\/v2\/comments?post=160"}],"version-history":[{"count":6,"href":"http:\/\/laurentbarbin.com\/index.php\/wp-json\/wp\/v2\/pages\/160\/revisions"}],"predecessor-version":[{"id":213,"href":"http:\/\/laurentbarbin.com\/index.php\/wp-json\/wp\/v2\/pages\/160\/revisions\/213"}],"wp:attachment":[{"href":"http:\/\/laurentbarbin.com\/index.php\/wp-json\/wp\/v2\/media?parent=160"}],"curies":[{"name":"wp","href":"https:\/\/api.w.org\/{rel}","templated":true}]}}